{"id":2,"date":"2024-03-27T14:34:21","date_gmt":"2024-03-27T14:34:21","guid":{"rendered":"https:\/\/ecatjul.upv.edu.es\/?page_id=2"},"modified":"2024-06-10T16:11:44","modified_gmt":"2024-06-10T16:11:44","slug":"esther-catala","status":"publish","type":"page","link":"https:\/\/ecatjul.upv.edu.es\/?page_id=2","title":{"rendered":"About Esther"},"content":{"rendered":"\n<figure class=\"wp-block-image size-large\"><img loading=\"lazy\" decoding=\"async\" width=\"996\" height=\"1024\" src=\"https:\/\/ecatjul.upv.edu.es\/wp-content\/uploads\/2024\/06\/IMG_3472-2-1-996x1024.jpg\" alt=\"\" class=\"wp-image-73\" srcset=\"https:\/\/ecatjul.upv.edu.es\/wp-content\/uploads\/2024\/06\/IMG_3472-2-1-996x1024.jpg 996w, https:\/\/ecatjul.upv.edu.es\/wp-content\/uploads\/2024\/06\/IMG_3472-2-1-292x300.jpg 292w, https:\/\/ecatjul.upv.edu.es\/wp-content\/uploads\/2024\/06\/IMG_3472-2-1-768x790.jpg 768w, https:\/\/ecatjul.upv.edu.es\/wp-content\/uploads\/2024\/06\/IMG_3472-2-1-1493x1536.jpg 1493w, https:\/\/ecatjul.upv.edu.es\/wp-content\/uploads\/2024\/06\/IMG_3472-2-1-1991x2048.jpg 1991w, https:\/\/ecatjul.upv.edu.es\/wp-content\/uploads\/2024\/06\/IMG_3472-2-1-50x50.jpg 50w, https:\/\/ecatjul.upv.edu.es\/wp-content\/uploads\/2024\/06\/IMG_3472-2-1.jpg 2000w\" sizes=\"auto, (max-width: 996px) 100vw, 996px\" \/><\/figure>\n\n\n\n<p>Mi nombre es Esther Catal\u00e1 Julve, estudiante de tercero de Ingenier\u00eda en Dise\u00f1o Industrial y Desarrollo de Productos en la UPV.<\/p>\n\n\n\n<p>Siempre he sido muy inquieta, me gustan los deportes de riesgo y mi mayor afici\u00f3n es experimentar la adrenalina de las atracciones m\u00e1s peligrosas de los parques.<\/p>\n\n\n\n<p>Me considero una persona proactiva y con mucha facilidad para trabajar tanto en equipo como individualmente. Adem\u00e1s, intento dar un toque de mi personalidad en mis dise\u00f1os en la medida de lo posible y es por eso por lo que me encanta este mundo.<\/p>\n\n\n\n<p>En este portafolio os muestro una peque\u00f1a parte de los proyectos que he desarrollado durante los \u00faltimos a\u00f1os. Ver\u00e9is proyectos de dise\u00f1o de producto y de dise\u00f1o gr\u00e1fico.<\/p>\n\n\n\n<p>\u00a1Espero que lo disfrut\u00e9is!<\/p>\n","protected":false},"excerpt":{"rendered":"<p>Mi nombre es Esther Catal\u00e1 Julve, estudiante de tercero de Ingenier\u00eda en Dise\u00f1o Industrial y Desarrollo de Productos en la UPV. Siempre he sido muy inquieta, me gustan los deportes &hellip; <a href=\"https:\/\/ecatjul.upv.edu.es\/?page_id=2\" class=\"more-link\"><span>Continue reading<span class=\"screen-reader-text\">About Esther<\/span><\/span><\/a><\/p>\n","protected":false},"author":1,"featured_media":0,"parent":0,"menu_order":0,"comment_status":"closed","ping_status":"closed","template":"","meta":{"footnotes":""},"class_list":["post-2","page","type-page","status-publish","hentry"],"_links":{"self":[{"href":"https:\/\/ecatjul.upv.edu.es\/index.php?rest_route=\/wp\/v2\/pages\/2","targetHints":{"allow":["GET"]}}],"collection":[{"href":"https:\/\/ecatjul.upv.edu.es\/index.php?rest_route=\/wp\/v2\/pages"}],"about":[{"href":"https:\/\/ecatjul.upv.edu.es\/index.php?rest_route=\/wp\/v2\/types\/page"}],"author":[{"embeddable":true,"href":"https:\/\/ecatjul.upv.edu.es\/index.php?rest_route=\/wp\/v2\/users\/1"}],"replies":[{"embeddable":true,"href":"https:\/\/ecatjul.upv.edu.es\/index.php?rest_route=%2Fwp%2Fv2%2Fcomments&post=2"}],"version-history":[{"count":3,"href":"https:\/\/ecatjul.upv.edu.es\/index.php?rest_route=\/wp\/v2\/pages\/2\/revisions"}],"predecessor-version":[{"id":74,"href":"https:\/\/ecatjul.upv.edu.es\/index.php?rest_route=\/wp\/v2\/pages\/2\/revisions\/74"}],"wp:attachment":[{"href":"https:\/\/ecatjul.upv.edu.es\/index.php?rest_route=%2Fwp%2Fv2%2Fmedia&parent=2"}],"curies":[{"name":"wp","href":"https:\/\/api.w.org\/{rel}","templated":true}]}}